{"id":2065,"date":"2020-04-30T10:40:02","date_gmt":"2020-04-30T07:40:02","guid":{"rendered":"http:\/\/www.visionmadagascar.com\/?page_id=2065"},"modified":"2020-04-30T10:40:02","modified_gmt":"2020-04-30T07:40:02","slug":"voeux-2020","status":"publish","type":"page","link":"https:\/\/www.visionmadagascar.com\/fr\/voeux-2020\/","title":{"rendered":"Voeux 2020\u00a0"},"content":{"rendered":"<p><img decoding=\"async\" loading=\"lazy\" class=\"alignnone size-medium wp-image-2036\" src=\"http:\/\/www.visionmadagascar.com\/wp-content\/uploads\/2020\/04\/Sans-titre-2-300x300.jpg\" alt=\"\" width=\"300\" height=\"300\" srcset=\"https:\/\/www.visionmadagascar.com\/wp-content\/uploads\/2020\/04\/Sans-titre-2-300x300.jpg 300w, https:\/\/www.visionmadagascar.com\/wp-content\/uploads\/2020\/04\/Sans-titre-2-150x150.jpg 150w, https:\/\/www.visionmadagascar.com\/wp-content\/uploads\/2020\/04\/Sans-titre-2-1024x1024.jpg 1024w\" sizes=\"(max-width: 300px) 100vw, 300px\" \/> <img decoding=\"async\" loading=\"lazy\" class=\"alignnone size-medium wp-image-2032\" src=\"http:\/\/www.visionmadagascar.com\/wp-content\/uploads\/2020\/04\/3R-351-300x300.jpg\" alt=\"\" width=\"300\" height=\"300\" srcset=\"https:\/\/www.visionmadagascar.com\/wp-content\/uploads\/2020\/04\/3R-351-300x300.jpg 300w, https:\/\/www.visionmadagascar.com\/wp-content\/uploads\/2020\/04\/3R-351-150x150.jpg 150w, https:\/\/www.visionmadagascar.com\/wp-content\/uploads\/2020\/04\/3R-351-1024x1024.jpg 1024w\" sizes=\"(max-width: 300px) 100vw, 300px\" \/><\/p>\n<p style=\"font-weight: 400;\">Dans une ambiance d\u00e9contract\u00e9e et conviviale, la grande famille de ViMa a pr\u00e9sent\u00e9e \u00e0 son\u00a0<em>Chairman<\/em>\u00a0ses v\u0153ux pour cette ann\u00e9e 2020.<\/p>\n<p style=\"font-weight: 400;\">La festivit\u00e9 s\u2019est tenue dans ses bureaux \u00e0 Ivandry Alarobia le 24 Janvier 2020.<\/p>\n<p style=\"font-weight: 400;\">Au RDV, des grillades et m\u00e9choui berc\u00e9 par du soul et blues<\/p>\n","protected":false},"excerpt":{"rendered":"<p>Dans une ambiance d\u00e9contract\u00e9e et conviviale, la grande famille de ViMa a pr\u00e9sent\u00e9e \u00e0 son\u00a0Chairman\u00a0ses v\u0153ux pour cette [&hellip;]<\/p>\n","protected":false},"author":1,"featured_media":0,"parent":0,"menu_order":0,"comment_status":"closed","ping_status":"closed","template":"","meta":[],"yoast_head":"<!-- This site is optimized with the Yoast SEO plugin v17.3 - https:\/\/yoast.com\/wordpress\/plugins\/seo\/ -->\n<title>Voeux 2020\u00a0 - Vision Madagascar<\/title>\n<meta name=\"robots\" content=\"index, follow, max-snippet:-1, max-image-preview:large, max-video-preview:-1\" \/>\n<link rel=\"canonical\" href=\"https:\/\/www.visionmadagascar.com\/fr\/voeux-2020\/\" \/>\n<meta property=\"og:locale\" content=\"fr_FR\" \/>\n<meta property=\"og:type\" content=\"article\" \/>\n<meta property=\"og:title\" content=\"Voeux 2020\u00a0 - Vision Madagascar\" \/>\n<meta property=\"og:description\" content=\"Dans une ambiance d\u00e9contract\u00e9e et conviviale, la grande famille de ViMa a pr\u00e9sent\u00e9e \u00e0 son\u00a0Chairman\u00a0ses v\u0153ux pour cette [&hellip;]\" \/>\n<meta property=\"og:url\" content=\"https:\/\/www.visionmadagascar.com\/fr\/voeux-2020\/\" \/>\n<meta property=\"og:site_name\" content=\"Vision Madagascar\" \/>\n<meta property=\"og:image\" content=\"http:\/\/www.visionmadagascar.com\/wp-content\/uploads\/2020\/04\/Sans-titre-2-300x300.jpg\" \/>\n<meta name=\"twitter:card\" content=\"summary_large_image\" \/>\n<script type=\"application\/ld+json\" class=\"yoast-schema-graph\">{\"@context\":\"https:\/\/schema.org\",\"@graph\":[{\"@type\":\"WebSite\",\"@id\":\"https:\/\/www.visionmadagascar.com\/#website\",\"url\":\"https:\/\/www.visionmadagascar.com\/\",\"name\":\"Vision Madagascar\",\"description\":\"Vision Madagascar\",\"potentialAction\":[{\"@type\":\"SearchAction\",\"target\":{\"@type\":\"EntryPoint\",\"urlTemplate\":\"https:\/\/www.visionmadagascar.com\/?s={search_term_string}\"},\"query-input\":\"required name=search_term_string\"}],\"inLanguage\":\"fr-FR\"},{\"@type\":\"ImageObject\",\"@id\":\"https:\/\/www.visionmadagascar.com\/fr\/voeux-2020\/#primaryimage\",\"inLanguage\":\"fr-FR\",\"url\":\"http:\/\/www.visionmadagascar.com\/wp-content\/uploads\/2020\/04\/Sans-titre-2-300x300.jpg\",\"contentUrl\":\"http:\/\/www.visionmadagascar.com\/wp-content\/uploads\/2020\/04\/Sans-titre-2-300x300.jpg\"},{\"@type\":\"WebPage\",\"@id\":\"https:\/\/www.visionmadagascar.com\/fr\/voeux-2020\/#webpage\",\"url\":\"https:\/\/www.visionmadagascar.com\/fr\/voeux-2020\/\",\"name\":\"Voeux 2020\\u00a0 - Vision Madagascar\",\"isPartOf\":{\"@id\":\"https:\/\/www.visionmadagascar.com\/#website\"},\"primaryImageOfPage\":{\"@id\":\"https:\/\/www.visionmadagascar.com\/fr\/voeux-2020\/#primaryimage\"},\"datePublished\":\"2020-04-30T07:40:02+00:00\",\"dateModified\":\"2020-04-30T07:40:02+00:00\",\"breadcrumb\":{\"@id\":\"https:\/\/www.visionmadagascar.com\/fr\/voeux-2020\/#breadcrumb\"},\"inLanguage\":\"fr-FR\",\"potentialAction\":[{\"@type\":\"ReadAction\",\"target\":[\"https:\/\/www.visionmadagascar.com\/fr\/voeux-2020\/\"]}]},{\"@type\":\"BreadcrumbList\",\"@id\":\"https:\/\/www.visionmadagascar.com\/fr\/voeux-2020\/#breadcrumb\",\"itemListElement\":[{\"@type\":\"ListItem\",\"position\":1,\"name\":\"Home\",\"item\":\"https:\/\/www.visionmadagascar.com\/fr\/\"},{\"@type\":\"ListItem\",\"position\":2,\"name\":\"Voeux 2020\\u00a0\"}]}]}<\/script>\n<!-- \/ Yoast SEO plugin. -->","yoast_head_json":{"title":"Voeux 2020\u00a0 - Vision Madagascar","robots":{"index":"index","follow":"follow","max-snippet":"max-snippet:-1","max-image-preview":"max-image-preview:large","max-video-preview":"max-video-preview:-1"},"canonical":"https:\/\/www.visionmadagascar.com\/fr\/voeux-2020\/","og_locale":"fr_FR","og_type":"article","og_title":"Voeux 2020\u00a0 - Vision Madagascar","og_description":"Dans une ambiance d\u00e9contract\u00e9e et conviviale, la grande famille de ViMa a pr\u00e9sent\u00e9e \u00e0 son\u00a0Chairman\u00a0ses v\u0153ux pour cette [&hellip;]","og_url":"https:\/\/www.visionmadagascar.com\/fr\/voeux-2020\/","og_site_name":"Vision Madagascar","og_image":[{"url":"http:\/\/www.visionmadagascar.com\/wp-content\/uploads\/2020\/04\/Sans-titre-2-300x300.jpg"}],"twitter_card":"summary_large_image","schema":{"@context":"https:\/\/schema.org","@graph":[{"@type":"WebSite","@id":"https:\/\/www.visionmadagascar.com\/#website","url":"https:\/\/www.visionmadagascar.com\/","name":"Vision Madagascar","description":"Vision Madagascar","potentialAction":[{"@type":"SearchAction","target":{"@type":"EntryPoint","urlTemplate":"https:\/\/www.visionmadagascar.com\/?s={search_term_string}"},"query-input":"required name=search_term_string"}],"inLanguage":"fr-FR"},{"@type":"ImageObject","@id":"https:\/\/www.visionmadagascar.com\/fr\/voeux-2020\/#primaryimage","inLanguage":"fr-FR","url":"http:\/\/www.visionmadagascar.com\/wp-content\/uploads\/2020\/04\/Sans-titre-2-300x300.jpg","contentUrl":"http:\/\/www.visionmadagascar.com\/wp-content\/uploads\/2020\/04\/Sans-titre-2-300x300.jpg"},{"@type":"WebPage","@id":"https:\/\/www.visionmadagascar.com\/fr\/voeux-2020\/#webpage","url":"https:\/\/www.visionmadagascar.com\/fr\/voeux-2020\/","name":"Voeux 2020\u00a0 - Vision Madagascar","isPartOf":{"@id":"https:\/\/www.visionmadagascar.com\/#website"},"primaryImageOfPage":{"@id":"https:\/\/www.visionmadagascar.com\/fr\/voeux-2020\/#primaryimage"},"datePublished":"2020-04-30T07:40:02+00:00","dateModified":"2020-04-30T07:40:02+00:00","breadcrumb":{"@id":"https:\/\/www.visionmadagascar.com\/fr\/voeux-2020\/#breadcrumb"},"inLanguage":"fr-FR","potentialAction":[{"@type":"ReadAction","target":["https:\/\/www.visionmadagascar.com\/fr\/voeux-2020\/"]}]},{"@type":"BreadcrumbList","@id":"https:\/\/www.visionmadagascar.com\/fr\/voeux-2020\/#breadcrumb","itemListElement":[{"@type":"ListItem","position":1,"name":"Home","item":"https:\/\/www.visionmadagascar.com\/fr\/"},{"@type":"ListItem","position":2,"name":"Voeux 2020\u00a0"}]}]}},"_links":{"self":[{"href":"https:\/\/www.visionmadagascar.com\/fr\/wp-json\/wp\/v2\/pages\/2065\/"}],"collection":[{"href":"https:\/\/www.visionmadagascar.com\/fr\/wp-json\/wp\/v2\/pages\/"}],"about":[{"href":"https:\/\/www.visionmadagascar.com\/fr\/wp-json\/wp\/v2\/types\/page\/"}],"author":[{"embeddable":true,"href":"https:\/\/www.visionmadagascar.com\/fr\/wp-json\/wp\/v2\/users\/1\/"}],"replies":[{"embeddable":true,"href":"https:\/\/www.visionmadagascar.com\/fr\/wp-json\/wp\/v2\/comments\/?post=2065"}],"version-history":[{"count":1,"href":"https:\/\/www.visionmadagascar.com\/fr\/wp-json\/wp\/v2\/pages\/2065\/revisions\/"}],"predecessor-version":[{"id":2066,"href":"https:\/\/www.visionmadagascar.com\/fr\/wp-json\/wp\/v2\/pages\/2065\/revisions\/2066\/"}],"wp:attachment":[{"href":"https:\/\/www.visionmadagascar.com\/fr\/wp-json\/wp\/v2\/media\/?parent=2065"}],"curies":[{"name":"wp","href":"https:\/\/api.w.org\/{rel}","templated":true}]}}