{"id":2063,"date":"2020-04-30T10:38:08","date_gmt":"2020-04-30T07:38:08","guid":{"rendered":"http:\/\/www.visionmadagascar.com\/?page_id=2063"},"modified":"2020-06-12T15:47:11","modified_gmt":"2020-06-12T12:47:11","slug":"don-majunga","status":"publish","type":"page","link":"https:\/\/www.visionmadagascar.com\/fr\/don-majunga\/","title":{"rendered":"Don Majunga"},"content":{"rendered":"<p><img decoding=\"async\" loading=\"lazy\" class=\"alignnone size-medium wp-image-2028\" src=\"http:\/\/www.visionmadagascar.com\/wp-content\/uploads\/2020\/04\/Dons-Majunga-2-2-300x300.jpg\" alt=\"\" width=\"300\" height=\"300\" srcset=\"https:\/\/www.visionmadagascar.com\/wp-content\/uploads\/2020\/04\/Dons-Majunga-2-2-300x300.jpg 300w, https:\/\/www.visionmadagascar.com\/wp-content\/uploads\/2020\/04\/Dons-Majunga-2-2-150x150.jpg 150w, https:\/\/www.visionmadagascar.com\/wp-content\/uploads\/2020\/04\/Dons-Majunga-2-2-1024x1024.jpg 1024w\" sizes=\"(max-width: 300px) 100vw, 300px\" \/> <img decoding=\"async\" loading=\"lazy\" class=\"alignnone size-medium wp-image-2025\" src=\"http:\/\/www.visionmadagascar.com\/wp-content\/uploads\/2020\/04\/Dons-Majunga-2-1-300x300.jpg\" alt=\"\" width=\"300\" height=\"300\" srcset=\"https:\/\/www.visionmadagascar.com\/wp-content\/uploads\/2020\/04\/Dons-Majunga-2-1-300x300.jpg 300w, https:\/\/www.visionmadagascar.com\/wp-content\/uploads\/2020\/04\/Dons-Majunga-2-1-150x150.jpg 150w, https:\/\/www.visionmadagascar.com\/wp-content\/uploads\/2020\/04\/Dons-Majunga-2-1-1024x1024.jpg 1024w\" sizes=\"(max-width: 300px) 100vw, 300px\" \/><\/p>\n<p>L\u2019Euphorie de No\u00ebl continue ! Apr\u00e8s la remise des sapins \u00e0 la Ville des milles, des dons en faveur des enfants d\u00e9munis d\u2019Ankorondrano Andranomahery, Vision Madagascar ne s\u2019est pas arr\u00eat\u00e9e \u00e0 la Capitale. En effet, pour comm\u00e9morer l\u2019esprit de no\u00ebl qui a pour coutume d&rsquo;offrir des cadeaux et d&rsquo;exprimer sa solidarit\u00e9 envers les d\u00e9munis, la soci\u00e9t\u00e9 a d\u00e9cid\u00e9 cette ann\u00e9e de faire des heureux dans le Fokontany Antanambao, Fokontany qui abrite sa filiale ViMa Majunga Hub sur le site ex-SOTEMA \u2013 Majunga. En pr\u00e9sence des repr\u00e9sentants de la soci\u00e9t\u00e9 sur place et du Pr\u00e9sident du Fokontany d\u2019Antanambao \u2013 SOTEMA, 200 enfants d\u00e9munis ont re\u00e7u leur part de douceur en cette p\u00e9riode festive : biscuits, chips, bonbons assortis\u2026 La remise s\u2019est d\u00e9roul\u00e9e, comme celle \u00e0 Tana, le 23 D\u00e9cembre 2019 \u2013 sur le site m\u00eame de ViMa Majunga Hub, Antanimalandy. Vision Madagascar (ViMa) et tout son personnel souhaite d\u2019ores et d\u00e9j\u00e0 de tr\u00e8s heureuses festivit\u00e9s de No\u00ebl et de fin d\u2019ann\u00e9es \u00e0 tous !<\/p>\n","protected":false},"excerpt":{"rendered":"<p>L\u2019Euphorie de No\u00ebl continue ! Apr\u00e8s la remise des sapins \u00e0 la Ville des milles, des dons en [&hellip;]<\/p>\n","protected":false},"author":1,"featured_media":0,"parent":0,"menu_order":0,"comment_status":"closed","ping_status":"closed","template":"","meta":[],"yoast_head":"<!-- This site is optimized with the Yoast SEO plugin v17.3 - https:\/\/yoast.com\/wordpress\/plugins\/seo\/ -->\n<title>Don Majunga - Vision Madagascar<\/title>\n<meta name=\"robots\" content=\"index, follow, max-snippet:-1, max-image-preview:large, max-video-preview:-1\" \/>\n<link rel=\"canonical\" href=\"https:\/\/www.visionmadagascar.com\/fr\/don-majunga\/\" \/>\n<meta property=\"og:locale\" content=\"fr_FR\" \/>\n<meta property=\"og:type\" content=\"article\" \/>\n<meta property=\"og:title\" content=\"Don Majunga - Vision Madagascar\" \/>\n<meta property=\"og:description\" content=\"L\u2019Euphorie de No\u00ebl continue ! Apr\u00e8s la remise des sapins \u00e0 la Ville des milles, des dons en [&hellip;]\" \/>\n<meta property=\"og:url\" content=\"https:\/\/www.visionmadagascar.com\/fr\/don-majunga\/\" \/>\n<meta property=\"og:site_name\" content=\"Vision Madagascar\" \/>\n<meta property=\"article:modified_time\" content=\"2020-06-12T12:47:11+00:00\" \/>\n<meta property=\"og:image\" content=\"http:\/\/www.visionmadagascar.com\/wp-content\/uploads\/2020\/04\/Dons-Majunga-2-2-300x300.jpg\" \/>\n<meta name=\"twitter:card\" content=\"summary_large_image\" \/>\n<meta name=\"twitter:label1\" content=\"Dur\u00e9e de lecture estim\u00e9e\" \/>\n\t<meta name=\"twitter:data1\" content=\"1 minute\" \/>\n<script type=\"application\/ld+json\" class=\"yoast-schema-graph\">{\"@context\":\"https:\/\/schema.org\",\"@graph\":[{\"@type\":\"WebSite\",\"@id\":\"https:\/\/www.visionmadagascar.com\/#website\",\"url\":\"https:\/\/www.visionmadagascar.com\/\",\"name\":\"Vision Madagascar\",\"description\":\"Vision Madagascar\",\"potentialAction\":[{\"@type\":\"SearchAction\",\"target\":{\"@type\":\"EntryPoint\",\"urlTemplate\":\"https:\/\/www.visionmadagascar.com\/?s={search_term_string}\"},\"query-input\":\"required name=search_term_string\"}],\"inLanguage\":\"fr-FR\"},{\"@type\":\"ImageObject\",\"@id\":\"https:\/\/www.visionmadagascar.com\/fr\/don-majunga\/#primaryimage\",\"inLanguage\":\"fr-FR\",\"url\":\"http:\/\/www.visionmadagascar.com\/wp-content\/uploads\/2020\/04\/Dons-Majunga-2-2-300x300.jpg\",\"contentUrl\":\"http:\/\/www.visionmadagascar.com\/wp-content\/uploads\/2020\/04\/Dons-Majunga-2-2-300x300.jpg\"},{\"@type\":\"WebPage\",\"@id\":\"https:\/\/www.visionmadagascar.com\/fr\/don-majunga\/#webpage\",\"url\":\"https:\/\/www.visionmadagascar.com\/fr\/don-majunga\/\",\"name\":\"Don Majunga - Vision Madagascar\",\"isPartOf\":{\"@id\":\"https:\/\/www.visionmadagascar.com\/#website\"},\"primaryImageOfPage\":{\"@id\":\"https:\/\/www.visionmadagascar.com\/fr\/don-majunga\/#primaryimage\"},\"datePublished\":\"2020-04-30T07:38:08+00:00\",\"dateModified\":\"2020-06-12T12:47:11+00:00\",\"breadcrumb\":{\"@id\":\"https:\/\/www.visionmadagascar.com\/fr\/don-majunga\/#breadcrumb\"},\"inLanguage\":\"fr-FR\",\"potentialAction\":[{\"@type\":\"ReadAction\",\"target\":[\"https:\/\/www.visionmadagascar.com\/fr\/don-majunga\/\"]}]},{\"@type\":\"BreadcrumbList\",\"@id\":\"https:\/\/www.visionmadagascar.com\/fr\/don-majunga\/#breadcrumb\",\"itemListElement\":[{\"@type\":\"ListItem\",\"position\":1,\"name\":\"Home\",\"item\":\"https:\/\/www.visionmadagascar.com\/fr\/\"},{\"@type\":\"ListItem\",\"position\":2,\"name\":\"Don Majunga\"}]}]}<\/script>\n<!-- \/ Yoast SEO plugin. -->","yoast_head_json":{"title":"Don Majunga - Vision Madagascar","robots":{"index":"index","follow":"follow","max-snippet":"max-snippet:-1","max-image-preview":"max-image-preview:large","max-video-preview":"max-video-preview:-1"},"canonical":"https:\/\/www.visionmadagascar.com\/fr\/don-majunga\/","og_locale":"fr_FR","og_type":"article","og_title":"Don Majunga - Vision Madagascar","og_description":"L\u2019Euphorie de No\u00ebl continue ! Apr\u00e8s la remise des sapins \u00e0 la Ville des milles, des dons en [&hellip;]","og_url":"https:\/\/www.visionmadagascar.com\/fr\/don-majunga\/","og_site_name":"Vision Madagascar","article_modified_time":"2020-06-12T12:47:11+00:00","og_image":[{"url":"http:\/\/www.visionmadagascar.com\/wp-content\/uploads\/2020\/04\/Dons-Majunga-2-2-300x300.jpg"}],"twitter_card":"summary_large_image","twitter_misc":{"Dur\u00e9e de lecture estim\u00e9e":"1 minute"},"schema":{"@context":"https:\/\/schema.org","@graph":[{"@type":"WebSite","@id":"https:\/\/www.visionmadagascar.com\/#website","url":"https:\/\/www.visionmadagascar.com\/","name":"Vision Madagascar","description":"Vision Madagascar","potentialAction":[{"@type":"SearchAction","target":{"@type":"EntryPoint","urlTemplate":"https:\/\/www.visionmadagascar.com\/?s={search_term_string}"},"query-input":"required name=search_term_string"}],"inLanguage":"fr-FR"},{"@type":"ImageObject","@id":"https:\/\/www.visionmadagascar.com\/fr\/don-majunga\/#primaryimage","inLanguage":"fr-FR","url":"http:\/\/www.visionmadagascar.com\/wp-content\/uploads\/2020\/04\/Dons-Majunga-2-2-300x300.jpg","contentUrl":"http:\/\/www.visionmadagascar.com\/wp-content\/uploads\/2020\/04\/Dons-Majunga-2-2-300x300.jpg"},{"@type":"WebPage","@id":"https:\/\/www.visionmadagascar.com\/fr\/don-majunga\/#webpage","url":"https:\/\/www.visionmadagascar.com\/fr\/don-majunga\/","name":"Don Majunga - Vision Madagascar","isPartOf":{"@id":"https:\/\/www.visionmadagascar.com\/#website"},"primaryImageOfPage":{"@id":"https:\/\/www.visionmadagascar.com\/fr\/don-majunga\/#primaryimage"},"datePublished":"2020-04-30T07:38:08+00:00","dateModified":"2020-06-12T12:47:11+00:00","breadcrumb":{"@id":"https:\/\/www.visionmadagascar.com\/fr\/don-majunga\/#breadcrumb"},"inLanguage":"fr-FR","potentialAction":[{"@type":"ReadAction","target":["https:\/\/www.visionmadagascar.com\/fr\/don-majunga\/"]}]},{"@type":"BreadcrumbList","@id":"https:\/\/www.visionmadagascar.com\/fr\/don-majunga\/#breadcrumb","itemListElement":[{"@type":"ListItem","position":1,"name":"Home","item":"https:\/\/www.visionmadagascar.com\/fr\/"},{"@type":"ListItem","position":2,"name":"Don Majunga"}]}]}},"_links":{"self":[{"href":"https:\/\/www.visionmadagascar.com\/fr\/wp-json\/wp\/v2\/pages\/2063\/"}],"collection":[{"href":"https:\/\/www.visionmadagascar.com\/fr\/wp-json\/wp\/v2\/pages\/"}],"about":[{"href":"https:\/\/www.visionmadagascar.com\/fr\/wp-json\/wp\/v2\/types\/page\/"}],"author":[{"embeddable":true,"href":"https:\/\/www.visionmadagascar.com\/fr\/wp-json\/wp\/v2\/users\/1\/"}],"replies":[{"embeddable":true,"href":"https:\/\/www.visionmadagascar.com\/fr\/wp-json\/wp\/v2\/comments\/?post=2063"}],"version-history":[{"count":2,"href":"https:\/\/www.visionmadagascar.com\/fr\/wp-json\/wp\/v2\/pages\/2063\/revisions\/"}],"predecessor-version":[{"id":2072,"href":"https:\/\/www.visionmadagascar.com\/fr\/wp-json\/wp\/v2\/pages\/2063\/revisions\/2072\/"}],"wp:attachment":[{"href":"https:\/\/www.visionmadagascar.com\/fr\/wp-json\/wp\/v2\/media\/?parent=2063"}],"curies":[{"name":"wp","href":"https:\/\/api.w.org\/{rel}","templated":true}]}}