{"id":2061,"date":"2020-04-30T10:33:03","date_gmt":"2020-04-30T07:33:03","guid":{"rendered":"http:\/\/www.visionmadagascar.com\/?page_id=2061"},"modified":"2020-06-12T15:51:57","modified_gmt":"2020-06-12T12:51:57","slug":"don-ankorondrano","status":"publish","type":"page","link":"https:\/\/www.visionmadagascar.com\/fr\/don-ankorondrano\/","title":{"rendered":"Don Ankorondrano"},"content":{"rendered":"<p><img decoding=\"async\" loading=\"lazy\" class=\"alignnone size-medium wp-image-2018\" src=\"http:\/\/www.visionmadagascar.com\/wp-content\/uploads\/2020\/04\/IMG_4686-300x300.jpg\" alt=\"\" width=\"300\" height=\"300\" srcset=\"https:\/\/www.visionmadagascar.com\/wp-content\/uploads\/2020\/04\/IMG_4686-300x300.jpg 300w, https:\/\/www.visionmadagascar.com\/wp-content\/uploads\/2020\/04\/IMG_4686-150x150.jpg 150w, https:\/\/www.visionmadagascar.com\/wp-content\/uploads\/2020\/04\/IMG_4686-1024x1024.jpg 1024w\" sizes=\"(max-width: 300px) 100vw, 300px\" \/><\/p>\n<p><b>Dons en faveur des enfants d\u00e9munis d\u2019Andranomahery<\/b><br \/>\nD\u2019autre part, la soci\u00e9t\u00e9 a g\u00e9n\u00e9reusement octroy\u00e9 des dons \u00e0 la population vuln\u00e9rable des<br \/>\nFokontany h\u00e9bergeant leurs activit\u00e9s, notamment le Fokontany d\u2019Ankorondrano Andranomahery comme chaque ann\u00e9e. ViMa a fait 500 enfants heureux avec diverses confiseries : biscuits, chocolats, bonbons<br \/>\nassortis, gaufrettes\u2026<br \/>\nPour le Fokontany Andranomahery, la remise s\u2019est d\u00e9roul\u00e9 le 23 D\u00e9cembre 2019 \u00e0 son si\u00e8ge Explorer Business Park Ankorondrano, en pr\u00e9sence des repr\u00e9sentants de la soci\u00e9t\u00e9 et du<br \/>\nPr\u00e9sident du Fokontany d\u2019Ankorondrano Andranomahery.<br \/>\nVision Madagascar (ViMa) et tout son personnel souhaite d\u2019ores et d\u00e9j\u00e0 de tr\u00e8s heureuses<br \/>\nfestivit\u00e9s de No\u00ebl et de fin d\u2019ann\u00e9es \u00e0 tous !<\/p>\n","protected":false},"excerpt":{"rendered":"<p>Dons en faveur des enfants d\u00e9munis d\u2019Andranomahery D\u2019autre part, la soci\u00e9t\u00e9 a g\u00e9n\u00e9reusement octroy\u00e9 des dons \u00e0 la [&hellip;]<\/p>\n","protected":false},"author":1,"featured_media":0,"parent":0,"menu_order":0,"comment_status":"closed","ping_status":"closed","template":"","meta":[],"yoast_head":"<!-- This site is optimized with the Yoast SEO plugin v17.3 - https:\/\/yoast.com\/wordpress\/plugins\/seo\/ -->\n<title>Don Ankorondrano - Vision Madagascar<\/title>\n<meta name=\"robots\" content=\"index, follow, max-snippet:-1, max-image-preview:large, max-video-preview:-1\" \/>\n<link rel=\"canonical\" href=\"https:\/\/www.visionmadagascar.com\/fr\/don-ankorondrano\/\" \/>\n<meta property=\"og:locale\" content=\"fr_FR\" \/>\n<meta property=\"og:type\" content=\"article\" \/>\n<meta property=\"og:title\" content=\"Don Ankorondrano - Vision Madagascar\" \/>\n<meta property=\"og:description\" content=\"Dons en faveur des enfants d\u00e9munis d\u2019Andranomahery D\u2019autre part, la soci\u00e9t\u00e9 a g\u00e9n\u00e9reusement octroy\u00e9 des dons \u00e0 la [&hellip;]\" \/>\n<meta property=\"og:url\" content=\"https:\/\/www.visionmadagascar.com\/fr\/don-ankorondrano\/\" \/>\n<meta property=\"og:site_name\" content=\"Vision Madagascar\" \/>\n<meta property=\"article:modified_time\" content=\"2020-06-12T12:51:57+00:00\" \/>\n<meta property=\"og:image\" content=\"http:\/\/www.visionmadagascar.com\/wp-content\/uploads\/2020\/04\/IMG_4686-300x300.jpg\" \/>\n<meta name=\"twitter:card\" content=\"summary_large_image\" \/>\n<meta name=\"twitter:label1\" content=\"Dur\u00e9e de lecture estim\u00e9e\" \/>\n\t<meta name=\"twitter:data1\" content=\"1 minute\" \/>\n<script type=\"application\/ld+json\" class=\"yoast-schema-graph\">{\"@context\":\"https:\/\/schema.org\",\"@graph\":[{\"@type\":\"WebSite\",\"@id\":\"https:\/\/www.visionmadagascar.com\/#website\",\"url\":\"https:\/\/www.visionmadagascar.com\/\",\"name\":\"Vision Madagascar\",\"description\":\"Vision Madagascar\",\"potentialAction\":[{\"@type\":\"SearchAction\",\"target\":{\"@type\":\"EntryPoint\",\"urlTemplate\":\"https:\/\/www.visionmadagascar.com\/?s={search_term_string}\"},\"query-input\":\"required name=search_term_string\"}],\"inLanguage\":\"fr-FR\"},{\"@type\":\"ImageObject\",\"@id\":\"https:\/\/www.visionmadagascar.com\/fr\/don-ankorondrano\/#primaryimage\",\"inLanguage\":\"fr-FR\",\"url\":\"http:\/\/www.visionmadagascar.com\/wp-content\/uploads\/2020\/04\/IMG_4686-300x300.jpg\",\"contentUrl\":\"http:\/\/www.visionmadagascar.com\/wp-content\/uploads\/2020\/04\/IMG_4686-300x300.jpg\"},{\"@type\":\"WebPage\",\"@id\":\"https:\/\/www.visionmadagascar.com\/fr\/don-ankorondrano\/#webpage\",\"url\":\"https:\/\/www.visionmadagascar.com\/fr\/don-ankorondrano\/\",\"name\":\"Don Ankorondrano - Vision Madagascar\",\"isPartOf\":{\"@id\":\"https:\/\/www.visionmadagascar.com\/#website\"},\"primaryImageOfPage\":{\"@id\":\"https:\/\/www.visionmadagascar.com\/fr\/don-ankorondrano\/#primaryimage\"},\"datePublished\":\"2020-04-30T07:33:03+00:00\",\"dateModified\":\"2020-06-12T12:51:57+00:00\",\"breadcrumb\":{\"@id\":\"https:\/\/www.visionmadagascar.com\/fr\/don-ankorondrano\/#breadcrumb\"},\"inLanguage\":\"fr-FR\",\"potentialAction\":[{\"@type\":\"ReadAction\",\"target\":[\"https:\/\/www.visionmadagascar.com\/fr\/don-ankorondrano\/\"]}]},{\"@type\":\"BreadcrumbList\",\"@id\":\"https:\/\/www.visionmadagascar.com\/fr\/don-ankorondrano\/#breadcrumb\",\"itemListElement\":[{\"@type\":\"ListItem\",\"position\":1,\"name\":\"Home\",\"item\":\"https:\/\/www.visionmadagascar.com\/fr\/\"},{\"@type\":\"ListItem\",\"position\":2,\"name\":\"Don Ankorondrano\"}]}]}<\/script>\n<!-- \/ Yoast SEO plugin. -->","yoast_head_json":{"title":"Don Ankorondrano - Vision Madagascar","robots":{"index":"index","follow":"follow","max-snippet":"max-snippet:-1","max-image-preview":"max-image-preview:large","max-video-preview":"max-video-preview:-1"},"canonical":"https:\/\/www.visionmadagascar.com\/fr\/don-ankorondrano\/","og_locale":"fr_FR","og_type":"article","og_title":"Don Ankorondrano - Vision Madagascar","og_description":"Dons en faveur des enfants d\u00e9munis d\u2019Andranomahery D\u2019autre part, la soci\u00e9t\u00e9 a g\u00e9n\u00e9reusement octroy\u00e9 des dons \u00e0 la [&hellip;]","og_url":"https:\/\/www.visionmadagascar.com\/fr\/don-ankorondrano\/","og_site_name":"Vision Madagascar","article_modified_time":"2020-06-12T12:51:57+00:00","og_image":[{"url":"http:\/\/www.visionmadagascar.com\/wp-content\/uploads\/2020\/04\/IMG_4686-300x300.jpg"}],"twitter_card":"summary_large_image","twitter_misc":{"Dur\u00e9e de lecture estim\u00e9e":"1 minute"},"schema":{"@context":"https:\/\/schema.org","@graph":[{"@type":"WebSite","@id":"https:\/\/www.visionmadagascar.com\/#website","url":"https:\/\/www.visionmadagascar.com\/","name":"Vision Madagascar","description":"Vision Madagascar","potentialAction":[{"@type":"SearchAction","target":{"@type":"EntryPoint","urlTemplate":"https:\/\/www.visionmadagascar.com\/?s={search_term_string}"},"query-input":"required name=search_term_string"}],"inLanguage":"fr-FR"},{"@type":"ImageObject","@id":"https:\/\/www.visionmadagascar.com\/fr\/don-ankorondrano\/#primaryimage","inLanguage":"fr-FR","url":"http:\/\/www.visionmadagascar.com\/wp-content\/uploads\/2020\/04\/IMG_4686-300x300.jpg","contentUrl":"http:\/\/www.visionmadagascar.com\/wp-content\/uploads\/2020\/04\/IMG_4686-300x300.jpg"},{"@type":"WebPage","@id":"https:\/\/www.visionmadagascar.com\/fr\/don-ankorondrano\/#webpage","url":"https:\/\/www.visionmadagascar.com\/fr\/don-ankorondrano\/","name":"Don Ankorondrano - Vision Madagascar","isPartOf":{"@id":"https:\/\/www.visionmadagascar.com\/#website"},"primaryImageOfPage":{"@id":"https:\/\/www.visionmadagascar.com\/fr\/don-ankorondrano\/#primaryimage"},"datePublished":"2020-04-30T07:33:03+00:00","dateModified":"2020-06-12T12:51:57+00:00","breadcrumb":{"@id":"https:\/\/www.visionmadagascar.com\/fr\/don-ankorondrano\/#breadcrumb"},"inLanguage":"fr-FR","potentialAction":[{"@type":"ReadAction","target":["https:\/\/www.visionmadagascar.com\/fr\/don-ankorondrano\/"]}]},{"@type":"BreadcrumbList","@id":"https:\/\/www.visionmadagascar.com\/fr\/don-ankorondrano\/#breadcrumb","itemListElement":[{"@type":"ListItem","position":1,"name":"Home","item":"https:\/\/www.visionmadagascar.com\/fr\/"},{"@type":"ListItem","position":2,"name":"Don Ankorondrano"}]}]}},"_links":{"self":[{"href":"https:\/\/www.visionmadagascar.com\/fr\/wp-json\/wp\/v2\/pages\/2061\/"}],"collection":[{"href":"https:\/\/www.visionmadagascar.com\/fr\/wp-json\/wp\/v2\/pages\/"}],"about":[{"href":"https:\/\/www.visionmadagascar.com\/fr\/wp-json\/wp\/v2\/types\/page\/"}],"author":[{"embeddable":true,"href":"https:\/\/www.visionmadagascar.com\/fr\/wp-json\/wp\/v2\/users\/1\/"}],"replies":[{"embeddable":true,"href":"https:\/\/www.visionmadagascar.com\/fr\/wp-json\/wp\/v2\/comments\/?post=2061"}],"version-history":[{"count":2,"href":"https:\/\/www.visionmadagascar.com\/fr\/wp-json\/wp\/v2\/pages\/2061\/revisions\/"}],"predecessor-version":[{"id":2073,"href":"https:\/\/www.visionmadagascar.com\/fr\/wp-json\/wp\/v2\/pages\/2061\/revisions\/2073\/"}],"wp:attachment":[{"href":"https:\/\/www.visionmadagascar.com\/fr\/wp-json\/wp\/v2\/media\/?parent=2061"}],"curies":[{"name":"wp","href":"https:\/\/api.w.org\/{rel}","templated":true}]}}