{"id":2058,"date":"2020-04-29T08:33:04","date_gmt":"2020-04-29T05:33:04","guid":{"rendered":"http:\/\/www.visionmadagascar.com\/?page_id=2058"},"modified":"2020-04-29T08:33:04","modified_gmt":"2020-04-29T05:33:04","slug":"sapin-de-noel","status":"publish","type":"page","link":"https:\/\/www.visionmadagascar.com\/fr\/sapin-de-noel\/","title":{"rendered":"Sapin de noel"},"content":{"rendered":"<p><img decoding=\"async\" loading=\"lazy\" class=\"alignnone size-medium wp-image-1979\" src=\"http:\/\/www.visionmadagascar.com\/wp-content\/uploads\/2020\/03\/Sapin-HdV-3-300x300.jpg\" alt=\"\" width=\"300\" height=\"300\" srcset=\"https:\/\/www.visionmadagascar.com\/wp-content\/uploads\/2020\/03\/Sapin-HdV-3-300x300.jpg 300w, https:\/\/www.visionmadagascar.com\/wp-content\/uploads\/2020\/03\/Sapin-HdV-3-150x150.jpg 150w, https:\/\/www.visionmadagascar.com\/wp-content\/uploads\/2020\/03\/Sapin-HdV-3-1024x1024.jpg 1024w\" sizes=\"(max-width: 300px) 100vw, 300px\" \/><\/p>\n<p>Antananarivo, le 23 D\u00e9cembre 2019<\/p>\n<p>Vision Madagascar respecte ses traditions de fins d\u2019ann\u00e9e :<\/p>\n<p>Fournisseur officiel de sapin \u00e0 la Ville d\u2019Antananarivo, donateur annuel des<\/p>\n<p>les enfants d\u00e9munis d\u2019Andranomahery<\/p>\n<p>Comme chaque fin d\u2019ann\u00e9e, Vision Madagascar tient \u00e0 comm\u00e9morer l\u2019esprit de no\u00ebl qui<br \/>\na pour coutume d&rsquo;offrir des cadeaux et d&rsquo;exprimer sa solidarit\u00e9 envers les d\u00e9munis.<br \/>\nD\u00e9cembre en lumi\u00e8res sur l\u2019Avenue de l\u2019Ind\u00e9pendance<br \/>\nA travers sa filiale ViMa Woods, la soci\u00e9t\u00e9 a fait don d\u2019un sapin de No\u00ebl \u00e0 la Mairie<br \/>\nd\u2019Antananarivo. Un arbre aux d\u00e9corations scintillantes vient orner le Hall de l\u2019H\u00f4tel de Ville<br \/>\nde D\u00e9cembre 2019 jusqu\u2019au mois de janvier 2020.<br \/>\nEtant fier constructeur de l\u2019H\u00f4tel de Ville d\u2019Antananarivo, ViMa en est \u00e9galement le donateur<br \/>\nofficiel de Sapins de No\u00ebl. A travers ce don de sapin \u00e0 la Mairie d\u2019Antanarivo, Vision<br \/>\nMadagascar contribue, \u00e0 son \u00e9chelle, au lot d\u2019enchantements et de r\u00eaves qui arrivent avec le<br \/>\nmois de d\u00e9cembre. Les rues s\u2019illuminent et l\u2019atmosph\u00e8re est festive. Les lumi\u00e8res \u00e9tincelantes<br \/>\nvont aider \u00e0 passer de merveilleux moments durant cette p\u00e9riode de f\u00eates.<\/p>\n<p>Une belle tradition du monde perp\u00e9tu\u00e9e \u00e0 Madagascar<br \/>\nPatriotique et multiculturel, Vision Madagascar s\u2019int\u00e9resse tout particuli\u00e8rement aux traditions<br \/>\ndu monde. Le don du sapin de No\u00ebl \u00e0 la mairie d\u2019Antananarivo s\u2019inscrit dans cette d\u00e9marche.<br \/>\nEn effet, ce geste puise d\u2019abord son inspiration d\u2019une tradition norv\u00e9gienne qui se perp\u00e9tue<\/p>\n<p>depuis 1947. Cette ann\u00e9e-l\u00e0, le gouvernement norv\u00e9gien offre un arbre de No\u00ebl au Royaume-<br \/>\nUni, mat\u00e9rialisant l\u2019amiti\u00e9 qui lie les deux nations, au lendemain d\u2019une guerre ravageuse.<\/p>\n<p>V\u00e9ritable symbole de paix, ce sapin est un cadeau d\u2019Oslo, capitale norv\u00e9gienne, qui est install\u00e9<br \/>\n\u00e0 Trafalgar Square d\u00e8s le d\u00e9but du mois de d\u00e9cembre. Cette coutume perdure depuis plus de 60<br \/>\nans.<br \/>\nL\u2019on se doit \u00e9galement d\u2019\u00e9voquer le sapin g\u00e9ant de New York. Celui-ci a \u00e9t\u00e9 mis en place en<br \/>\n1931 sur l\u2019initiative des ouvriers travaillant alors pour la construction du Rockfeller Center qui<br \/>\nsouhaitaient apporter une touche de magie \u00e0 leur quotidien. Depuis, la mise en place du sapin<br \/>\nde No\u00ebl du Rockfeller Center est devenue une coutume incontournable renouvel\u00e9e tous les ans<br \/>\ndepuis pr\u00e8s de 90 ans.<\/p>\n<p>A l\u2019instar des travailleurs new-yorkais \u00e0 qui l\u2019on doit une tradition am\u00e9ricaine devenue<br \/>\nmythique, Vision Madagascar rend hommage \u00e0 ses propres ouvriers ayant particip\u00e9 \u00e0 la<br \/>\nconstruction de l\u2019H\u00f4tel de Ville d\u2019Antananarivo.<br \/>\nLe groupe s\u2019inspire ainsi de belles initiatives en offrant un sapin de No\u00ebl \u00e0 la mairie<br \/>\nd\u2019Antanarivo, instaurant \u00e0 son tour une nouvelle tradition \u00e0 travers un arbre embl\u00e9matique qui<br \/>\nf\u00e9d\u00e8rera assur\u00e9ment petits et grands autour de la f\u00e9erie qui enrubanne les f\u00eates de fin d\u2019ann\u00e9e.<br \/>\nDons en faveur des enfants d\u00e9munis d\u2019Andranomahery<br \/>\nD\u2019autre part, la soci\u00e9t\u00e9 a g\u00e9n\u00e9reusement octroy\u00e9 des dons \u00e0 la population vuln\u00e9rable des<br \/>\nFokontany h\u00e9bergeant leurs activit\u00e9s, notamment le Fokontany d\u2019Ankorondrano<br \/>\nAndranomahery comme chaque ann\u00e9e.<br \/>\nViMa a fait 500 enfants heureux avec diverses confiseries : biscuits, chocolats, bonbons<br \/>\nassortis, gaufrettes&#8230;<br \/>\nPour le Fokontany Andranomahery, la remise s\u2019est d\u00e9roul\u00e9 le 23 D\u00e9cembre 2019 \u00e0 son si\u00e8ge<br \/>\nExplorer Business Park Ankorondrano, en pr\u00e9sence des repr\u00e9sentants de la soci\u00e9t\u00e9 et du<br \/>\nPr\u00e9sident du Fokontany d\u2019Ankorondrano Andranomahery.<br \/>\nVision Madagascar (ViMa) et tout son personnel souhaite d\u2019ores et d\u00e9j\u00e0 de tr\u00e8s heureuses<br \/>\nfestivit\u00e9s de No\u00ebl et de fin d\u2019ann\u00e9es \u00e0 tous !<br \/>\nA propos de Vision Madagascar<br \/>\nVISION MADAGASCAR (ViMa) a \u00e9t\u00e9 fond\u00e9 en 2000 par Zouzar BOUKA. Des structures<br \/>\nembl\u00e9matiques de Madagascar tels que l\u2019Ambassade d\u2019Afrique du Sud r\u00e9alis\u00e9e en 2007 et l\u2019H\u00f4tel<br \/>\nde Ville d\u2019Antananarivo en 2010 sont \u00e0 son actif.<br \/>\nLe P\u00f4le immobilier joue toujours le r\u00f4le le plus important avec ViMa Real Estate, ViMa Business<br \/>\nCenters et ViMa Majunga Hub. A travers ces filiales, ViMa est pionnier du business park \u00e0<br \/>\nMadagascar avec un parc locatif des meilleurs qui soit : Ambassades, Institutions internationales,<br \/>\nbanques, entreprises de \u00ab Fortune 500 \u00bb&#8230;<br \/>\nViMa Majunga Hub poss\u00e8de le premier parc industriel de la C\u00f4te Ouest avec 32 hectares de foncier<br \/>\nurbain et 60 000 m2 de surfaces locatives.<br \/>\nUne filiale comme ViMa Woods \u2013 exploitant forestier et industriel du bois &#8211; fait de ViMa un acteur<br \/>\nimportant du d\u00e9veloppement du pays dans lequel les entreprises priv\u00e9es contribuent pleinement \u00e0<br \/>\nl\u2019am\u00e9lioration de la qualit\u00e9 de vie des Malgaches.<br \/>\nSes partenariats avec des enseignes tels que ASO \u2013 Amaury Sport Organisation (promoteur sportif),<br \/>\nRegus (centre d\u2019affaires), Symbion Power, Teleperformance (leader mondial de la relation client \u00e0<br \/>\ndistance), World Trade Center, Eiffage et Trafigura apportent \u00e0 ViMa une dimension r\u00e9ellement<br \/>\ninternationale.<\/p>\n","protected":false},"excerpt":{"rendered":"<p>Antananarivo, le 23 D\u00e9cembre 2019 Vision Madagascar respecte ses traditions de fins d\u2019ann\u00e9e : Fournisseur officiel de sapin [&hellip;]<\/p>\n","protected":false},"author":1,"featured_media":0,"parent":0,"menu_order":0,"comment_status":"closed","ping_status":"closed","template":"","meta":[],"yoast_head":"<!-- This site is optimized with the Yoast SEO plugin v17.3 - https:\/\/yoast.com\/wordpress\/plugins\/seo\/ -->\n<title>Sapin de noel - Vision Madagascar<\/title>\n<meta name=\"robots\" content=\"index, follow, max-snippet:-1, max-image-preview:large, max-video-preview:-1\" \/>\n<link rel=\"canonical\" href=\"https:\/\/www.visionmadagascar.com\/fr\/sapin-de-noel\/\" \/>\n<meta property=\"og:locale\" content=\"fr_FR\" \/>\n<meta property=\"og:type\" content=\"article\" \/>\n<meta property=\"og:title\" content=\"Sapin de noel - Vision Madagascar\" \/>\n<meta property=\"og:description\" content=\"Antananarivo, le 23 D\u00e9cembre 2019 Vision Madagascar respecte ses traditions de fins d\u2019ann\u00e9e : Fournisseur officiel de sapin [&hellip;]\" \/>\n<meta property=\"og:url\" content=\"https:\/\/www.visionmadagascar.com\/fr\/sapin-de-noel\/\" \/>\n<meta property=\"og:site_name\" content=\"Vision Madagascar\" \/>\n<meta property=\"og:image\" content=\"http:\/\/www.visionmadagascar.com\/wp-content\/uploads\/2020\/03\/Sapin-HdV-3-300x300.jpg\" \/>\n<meta name=\"twitter:card\" content=\"summary_large_image\" \/>\n<meta name=\"twitter:label1\" content=\"Dur\u00e9e de lecture estim\u00e9e\" \/>\n\t<meta name=\"twitter:data1\" content=\"4 minutes\" \/>\n<script type=\"application\/ld+json\" class=\"yoast-schema-graph\">{\"@context\":\"https:\/\/schema.org\",\"@graph\":[{\"@type\":\"WebSite\",\"@id\":\"https:\/\/www.visionmadagascar.com\/#website\",\"url\":\"https:\/\/www.visionmadagascar.com\/\",\"name\":\"Vision Madagascar\",\"description\":\"Vision Madagascar\",\"potentialAction\":[{\"@type\":\"SearchAction\",\"target\":{\"@type\":\"EntryPoint\",\"urlTemplate\":\"https:\/\/www.visionmadagascar.com\/?s={search_term_string}\"},\"query-input\":\"required name=search_term_string\"}],\"inLanguage\":\"fr-FR\"},{\"@type\":\"ImageObject\",\"@id\":\"https:\/\/www.visionmadagascar.com\/fr\/sapin-de-noel\/#primaryimage\",\"inLanguage\":\"fr-FR\",\"url\":\"http:\/\/www.visionmadagascar.com\/wp-content\/uploads\/2020\/03\/Sapin-HdV-3-300x300.jpg\",\"contentUrl\":\"http:\/\/www.visionmadagascar.com\/wp-content\/uploads\/2020\/03\/Sapin-HdV-3-300x300.jpg\"},{\"@type\":\"WebPage\",\"@id\":\"https:\/\/www.visionmadagascar.com\/fr\/sapin-de-noel\/#webpage\",\"url\":\"https:\/\/www.visionmadagascar.com\/fr\/sapin-de-noel\/\",\"name\":\"Sapin de noel - Vision Madagascar\",\"isPartOf\":{\"@id\":\"https:\/\/www.visionmadagascar.com\/#website\"},\"primaryImageOfPage\":{\"@id\":\"https:\/\/www.visionmadagascar.com\/fr\/sapin-de-noel\/#primaryimage\"},\"datePublished\":\"2020-04-29T05:33:04+00:00\",\"dateModified\":\"2020-04-29T05:33:04+00:00\",\"breadcrumb\":{\"@id\":\"https:\/\/www.visionmadagascar.com\/fr\/sapin-de-noel\/#breadcrumb\"},\"inLanguage\":\"fr-FR\",\"potentialAction\":[{\"@type\":\"ReadAction\",\"target\":[\"https:\/\/www.visionmadagascar.com\/fr\/sapin-de-noel\/\"]}]},{\"@type\":\"BreadcrumbList\",\"@id\":\"https:\/\/www.visionmadagascar.com\/fr\/sapin-de-noel\/#breadcrumb\",\"itemListElement\":[{\"@type\":\"ListItem\",\"position\":1,\"name\":\"Home\",\"item\":\"https:\/\/www.visionmadagascar.com\/fr\/\"},{\"@type\":\"ListItem\",\"position\":2,\"name\":\"Sapin de noel\"}]}]}<\/script>\n<!-- \/ Yoast SEO plugin. -->","yoast_head_json":{"title":"Sapin de noel - Vision Madagascar","robots":{"index":"index","follow":"follow","max-snippet":"max-snippet:-1","max-image-preview":"max-image-preview:large","max-video-preview":"max-video-preview:-1"},"canonical":"https:\/\/www.visionmadagascar.com\/fr\/sapin-de-noel\/","og_locale":"fr_FR","og_type":"article","og_title":"Sapin de noel - Vision Madagascar","og_description":"Antananarivo, le 23 D\u00e9cembre 2019 Vision Madagascar respecte ses traditions de fins d\u2019ann\u00e9e : Fournisseur officiel de sapin [&hellip;]","og_url":"https:\/\/www.visionmadagascar.com\/fr\/sapin-de-noel\/","og_site_name":"Vision Madagascar","og_image":[{"url":"http:\/\/www.visionmadagascar.com\/wp-content\/uploads\/2020\/03\/Sapin-HdV-3-300x300.jpg"}],"twitter_card":"summary_large_image","twitter_misc":{"Dur\u00e9e de lecture estim\u00e9e":"4 minutes"},"schema":{"@context":"https:\/\/schema.org","@graph":[{"@type":"WebSite","@id":"https:\/\/www.visionmadagascar.com\/#website","url":"https:\/\/www.visionmadagascar.com\/","name":"Vision Madagascar","description":"Vision Madagascar","potentialAction":[{"@type":"SearchAction","target":{"@type":"EntryPoint","urlTemplate":"https:\/\/www.visionmadagascar.com\/?s={search_term_string}"},"query-input":"required name=search_term_string"}],"inLanguage":"fr-FR"},{"@type":"ImageObject","@id":"https:\/\/www.visionmadagascar.com\/fr\/sapin-de-noel\/#primaryimage","inLanguage":"fr-FR","url":"http:\/\/www.visionmadagascar.com\/wp-content\/uploads\/2020\/03\/Sapin-HdV-3-300x300.jpg","contentUrl":"http:\/\/www.visionmadagascar.com\/wp-content\/uploads\/2020\/03\/Sapin-HdV-3-300x300.jpg"},{"@type":"WebPage","@id":"https:\/\/www.visionmadagascar.com\/fr\/sapin-de-noel\/#webpage","url":"https:\/\/www.visionmadagascar.com\/fr\/sapin-de-noel\/","name":"Sapin de noel - Vision Madagascar","isPartOf":{"@id":"https:\/\/www.visionmadagascar.com\/#website"},"primaryImageOfPage":{"@id":"https:\/\/www.visionmadagascar.com\/fr\/sapin-de-noel\/#primaryimage"},"datePublished":"2020-04-29T05:33:04+00:00","dateModified":"2020-04-29T05:33:04+00:00","breadcrumb":{"@id":"https:\/\/www.visionmadagascar.com\/fr\/sapin-de-noel\/#breadcrumb"},"inLanguage":"fr-FR","potentialAction":[{"@type":"ReadAction","target":["https:\/\/www.visionmadagascar.com\/fr\/sapin-de-noel\/"]}]},{"@type":"BreadcrumbList","@id":"https:\/\/www.visionmadagascar.com\/fr\/sapin-de-noel\/#breadcrumb","itemListElement":[{"@type":"ListItem","position":1,"name":"Home","item":"https:\/\/www.visionmadagascar.com\/fr\/"},{"@type":"ListItem","position":2,"name":"Sapin de noel"}]}]}},"_links":{"self":[{"href":"https:\/\/www.visionmadagascar.com\/fr\/wp-json\/wp\/v2\/pages\/2058\/"}],"collection":[{"href":"https:\/\/www.visionmadagascar.com\/fr\/wp-json\/wp\/v2\/pages\/"}],"about":[{"href":"https:\/\/www.visionmadagascar.com\/fr\/wp-json\/wp\/v2\/types\/page\/"}],"author":[{"embeddable":true,"href":"https:\/\/www.visionmadagascar.com\/fr\/wp-json\/wp\/v2\/users\/1\/"}],"replies":[{"embeddable":true,"href":"https:\/\/www.visionmadagascar.com\/fr\/wp-json\/wp\/v2\/comments\/?post=2058"}],"version-history":[{"count":1,"href":"https:\/\/www.visionmadagascar.com\/fr\/wp-json\/wp\/v2\/pages\/2058\/revisions\/"}],"predecessor-version":[{"id":2059,"href":"https:\/\/www.visionmadagascar.com\/fr\/wp-json\/wp\/v2\/pages\/2058\/revisions\/2059\/"}],"wp:attachment":[{"href":"https:\/\/www.visionmadagascar.com\/fr\/wp-json\/wp\/v2\/media\/?parent=2058"}],"curies":[{"name":"wp","href":"https:\/\/api.w.org\/{rel}","templated":true}]}}