{"id":2041,"date":"2020-04-22T08:32:28","date_gmt":"2020-04-22T05:32:28","guid":{"rendered":"http:\/\/www.visionmadagascar.com\/?page_id=2041"},"modified":"2023-11-20T21:51:36","modified_gmt":"2023-11-20T18:51:36","slug":"vima-et-medd","status":"publish","type":"page","link":"https:\/\/www.visionmadagascar.com\/fr\/vima-et-medd\/","title":{"rendered":"ViMa et MEDD"},"content":{"rendered":"<p><img decoding=\"async\" loading=\"lazy\" class=\"alignnone size-medium wp-image-2011\" src=\"http:\/\/www.visionmadagascar.com\/wp-content\/uploads\/2020\/04\/DSC_6628-1-300x300.jpg\" alt=\"\" width=\"300\" height=\"300\" srcset=\"https:\/\/www.visionmadagascar.com\/wp-content\/uploads\/2020\/04\/DSC_6628-1-300x300.jpg 300w, https:\/\/www.visionmadagascar.com\/wp-content\/uploads\/2020\/04\/DSC_6628-1-150x150.jpg 150w, https:\/\/www.visionmadagascar.com\/wp-content\/uploads\/2020\/04\/DSC_6628-1-1024x1024.jpg 1024w\" sizes=\"(max-width: 300px) 100vw, 300px\" \/> <img decoding=\"async\" loading=\"lazy\" class=\"alignnone size-medium wp-image-2008\" src=\"http:\/\/www.visionmadagascar.com\/wp-content\/uploads\/2020\/04\/DSC_6627-300x300.jpg\" alt=\"\" width=\"300\" height=\"300\" srcset=\"https:\/\/www.visionmadagascar.com\/wp-content\/uploads\/2020\/04\/DSC_6627-300x300.jpg 300w, https:\/\/www.visionmadagascar.com\/wp-content\/uploads\/2020\/04\/DSC_6627-150x150.jpg 150w, https:\/\/www.visionmadagascar.com\/wp-content\/uploads\/2020\/04\/DSC_6627-1024x1024.jpg 1024w\" sizes=\"(max-width: 300px) 100vw, 300px\" \/><\/p>\n<p>Antananarivo, le 10 Octobre 2019<\/p>\n<p><b>Partenariat ViMa Woods et le Minist\u00e8re de l\u2019Environnement et du<\/b><br \/>\n<b>D\u00e9veloppement Durable : des routes fleuries \u00e0 la RN2 seront offertes par ViMa<\/b><br \/>\n<b>Woods \u00e0 l\u2019image de sa responsabilit\u00e9 soci\u00e9tale et la gestion durable de ses for\u00eats<\/b><br \/>\nLe Jeudi 10 Octobre 2019 au Minist\u00e8re de l\u2019Environnement et du D\u00e9veloppement Durable Antsahavola (MEDD) s\u2019est d\u00e9roul\u00e9e la signature de la convention de partenariat entre ce dernier et ViMa Woods (VW). Objet de la convention : mise en \u0153uvre du Projet d\u2019embellissement de la Route Nationale 2 (RN2).<br \/>\nDans le cadre de son engagement au d\u00e9veloppement durable de l\u2019environnement, ViMa Woods a r\u00e9pondu favorablement \u00e0 la demande de partenariat et de sponsoring du MEDD, par le biais de sa Direction de D\u00e9veloppement de la Strat\u00e9gie et du Partenariat pour le D\u00e9veloppement Durable. Cet engagement confirme la responsabilit\u00e9 soci\u00e9tale de ViMa Woods : reboisement et fleurissement des tron\u00e7ons de la RN2 suivant les caract\u00e9ristiques suivantes : arbres ornementaux, arbres fruitiers, fleurs sauvages (le \u00ab Projet \u00bb).<br \/>\nIl s\u2019agit d\u2019un reboisement et l\u2019embellissement des tron\u00e7ons de la RN2 entre Antananarivo et Moramanga, lieu d\u2019implantation de la soci\u00e9t\u00e9. Ne s\u2019arr\u00eatant pas \u00e0 la r\u00e9alisation de ce projet<br \/>\nd\u2019embellissement, VW assurera \u00e9galement l\u2019entretien p\u00e9riodique de ces tron\u00e7ons rebois\u00e9s. ViMa Woods a \u00e9t\u00e9 repr\u00e9sent\u00e9e par Monsieur Zouzar BOUKA, <i>Chairman <\/i>de Vision Madagascar et<br \/>\nPr\u00e9sident du Conseil d\u2019Administration de ViMa Woods et le Minist\u00e8re de l\u2019Environnement et du D\u00e9veloppement Durable a \u00e9t\u00e9 repr\u00e9sent\u00e9 par Monsieur Alexandre GEORGET, Ministre, et en pr\u00e9sence de Mme Lova RAKOTONDRABARY, Administrateur de VW.<\/p>\n<p><b>El\u00e9ments suppl\u00e9mentaires sur le suivi, l\u2019entretien et la s\u00e9curit\u00e9<\/b><br \/>\n<b><i>(Source : Mme Lova RAKOTONDRABARY, Administrateur de ViMa Woods)<\/i><\/b><b>:<\/b><br \/>\n<b>Le projet d\u2019am\u00e9nagement \u00ab routes fleuries \u00bb sur la RN2 implique la participation active de<\/b><br \/>\n<b>ViMa Woods, compte tenu de sa zone d\u2019intervention qui s\u2019installe sur cet axe et en tant<\/b><br \/>\n<b>qu\u2019acteur majeur sp\u00e9cialis\u00e9 dans l\u2019exploitation foresti\u00e8re et l\u2019industrie bu bois.<\/b><br \/>\n<b>Dans le cadre de sa responsabilit\u00e9 soci\u00e9tale dont le but est toujours la gestion durable de la<\/b><br \/>\n<b>For\u00eat et de l\u2019environnement et en tant que gestionnaire de 5 000Ha de for\u00eats de pin sur<\/b><br \/>\n<b>Moramanga, ViMa Woods a l\u2019exp\u00e9rience et la capacit\u00e9 n\u00e9cessaire pour la r\u00e9alisation et suivi<\/b><br \/>\n<b>durable de ce projet.<\/b><br \/>\n<b>En dernier lieu, pour assurer la croissance des plantations \u00ab route fleurie \u00bb, ViMa Woods<\/b><br \/>\n<b>assurera pendant une dur\u00e9e de 2ans le suivi et entretien p\u00e9riodique en collaboration avec le<\/b><br \/>\n<b>MEDD ainsi que des organismes de s\u00e9curit\u00e9 ; et le point le plus important, la sensibilisation de<\/b><br \/>\n<b>la population.<\/b><br \/>\n<b>D\u00e9roul\u00e9 :<\/b><br \/>\n<b>16h <\/b>: Discussion pr\u00e9alable entre Monsieur Zouzar BOUKA et Monsieur Le Ministre avant la signature du contrat.<br \/>\n<b>16h30 <\/b>: Signature de la convention de partenariat dont le d\u00e9roulement est comme suit : &#8211; Introduction (objet de la convention, objectif de la route fleurie) &#8211; Prise de parole par Monsieur Le Pr\u00e9sident du conseil d\u2019Administration de VIMA WOODS &#8211; Prise de parole par Monsieur Le Ministre de l\u2019Environnement et du D\u00e9veloppement durable &#8211; Signature &#8211; Interview de la presse<br \/>\n<b>17h <\/b>: Remerciement et cl\u00f4ture A propos de ViMa Woods : ViMa Woods, filiale de VISION MADAGASCAR, est une Soci\u00e9t\u00e9 Anonyme, acteur majeur<br \/>\nsp\u00e9cialis\u00e9e dans l\u2019exploitation foresti\u00e8re et industrie de bois. Elle a \u00e9t\u00e9 cr\u00e9\u00e9e en 2006 et emploie actuellement pr\u00e8s de 200 personnes.<br \/>\nPropri\u00e9taire d\u2019une concession 5000 Hectares de for\u00eat de pin \u00e0 Moramanga ; elle est implant\u00e9e \u00e0 Moramanga sur un domaine de 2ha avec 50 ha de potentiel pour d\u00e9velopper son activit\u00e9. Son principal atout r\u00e9side dans sa politique de conservation de ses for\u00eats, son reboisement, sa<br \/>\nprotection contre les feux, l\u2019interaction sociale avec les villageois et habitants de Moramanga\u2026 C\u2019est<br \/>\nd\u2019ailleurs \u00e0 travers cette philosophie que ViMa Woods a embrass\u00e9 ce magnifique projet du Ministre<br \/>\nde l\u2019Environnement et du D\u00e9veloppement Durable. A propos de Vision Madagascar VISION MADAGASCAR (ViMa) a \u00e9t\u00e9 fond\u00e9 en 2000 par Zouzar BOUKA. Des structures<br \/>\nembl\u00e9matiques de Madagascar tels que l\u2019Ambassade d\u2019Afrique du Sud r\u00e9alis\u00e9e en 2007 et l\u2019H\u00f4tel de<br \/>\nVille d\u2019Antananarivo en 2010 sont \u00e0 son actif. Le P\u00f4le immobilier joue toujours le r\u00f4le le plus important avec ViMa Real Estate, ViMa Business Centers et ViMa Majunga Hub. A travers ces filiales, ViMa est pionnier du business park \u00e0 Madagascar avec un parc locatif des meilleurs qui soit : Ambassades, Institutions internationales, banques, entreprises de \u00ab Fortune 500 \u00bb\u2026 ViMa Majunga Hub poss\u00e8de le premier parc industriel de la C\u00f4te Ouest avec 32 hectares de foncier urbain et 60 000 m\u00b2 de surfaces locatives. Une filiale comme ViMa Woods \u2013 exploitant forestier et industriel du bois &#8211; fait de ViMa un acteur important du d\u00e9veloppement du pays dans lequel les entreprises priv\u00e9es contribuent pleinement \u00e0<br \/>\nl\u2019am\u00e9lioration de la qualit\u00e9 de vie des Malgaches. Ses partenariats avec des enseignes tels que ASO \u2013 Amaury Sport Organisation (promoteur sportif),<br \/>\nRegus (centre d\u2019affaires), Symbion Power, Teleperformance (leader mondial de la relation client \u00e0 distance), World Trade Center, Eiffage et Trafigura apportent \u00e0 ViMa une dimension r\u00e9ellement internationale.<\/p>\n","protected":false},"excerpt":{"rendered":"<p>Antananarivo, le 10 Octobre 2019 Partenariat ViMa Woods et le Minist\u00e8re de l\u2019Environnement et du D\u00e9veloppement Durable : [&hellip;]<\/p>\n","protected":false},"author":1,"featured_media":0,"parent":0,"menu_order":0,"comment_status":"closed","ping_status":"closed","template":"","meta":[],"yoast_head":"<!-- This site is optimized with the Yoast SEO plugin v17.3 - https:\/\/yoast.com\/wordpress\/plugins\/seo\/ -->\n<title>ViMa et MEDD - Vision Madagascar<\/title>\n<meta name=\"robots\" content=\"index, follow, max-snippet:-1, max-image-preview:large, max-video-preview:-1\" \/>\n<link rel=\"canonical\" href=\"https:\/\/www.visionmadagascar.com\/fr\/vima-et-medd\/\" \/>\n<meta property=\"og:locale\" content=\"fr_FR\" \/>\n<meta property=\"og:type\" content=\"article\" \/>\n<meta property=\"og:title\" content=\"ViMa et MEDD - Vision Madagascar\" \/>\n<meta property=\"og:description\" content=\"Antananarivo, le 10 Octobre 2019 Partenariat ViMa Woods et le Minist\u00e8re de l\u2019Environnement et du D\u00e9veloppement Durable : [&hellip;]\" \/>\n<meta property=\"og:url\" content=\"https:\/\/www.visionmadagascar.com\/fr\/vima-et-medd\/\" \/>\n<meta property=\"og:site_name\" content=\"Vision Madagascar\" \/>\n<meta property=\"article:modified_time\" content=\"2023-11-20T18:51:36+00:00\" \/>\n<meta property=\"og:image\" content=\"http:\/\/www.visionmadagascar.com\/wp-content\/uploads\/2020\/04\/DSC_6628-1-300x300.jpg\" \/>\n<meta name=\"twitter:card\" content=\"summary_large_image\" \/>\n<meta name=\"twitter:label1\" content=\"Dur\u00e9e de lecture estim\u00e9e\" \/>\n\t<meta name=\"twitter:data1\" content=\"4 minutes\" \/>\n<script type=\"application\/ld+json\" class=\"yoast-schema-graph\">{\"@context\":\"https:\/\/schema.org\",\"@graph\":[{\"@type\":\"WebSite\",\"@id\":\"https:\/\/www.visionmadagascar.com\/#website\",\"url\":\"https:\/\/www.visionmadagascar.com\/\",\"name\":\"Vision Madagascar\",\"description\":\"Vision Madagascar\",\"potentialAction\":[{\"@type\":\"SearchAction\",\"target\":{\"@type\":\"EntryPoint\",\"urlTemplate\":\"https:\/\/www.visionmadagascar.com\/?s={search_term_string}\"},\"query-input\":\"required name=search_term_string\"}],\"inLanguage\":\"fr-FR\"},{\"@type\":\"ImageObject\",\"@id\":\"https:\/\/www.visionmadagascar.com\/fr\/vima-et-medd\/#primaryimage\",\"inLanguage\":\"fr-FR\",\"url\":\"http:\/\/www.visionmadagascar.com\/wp-content\/uploads\/2020\/04\/DSC_6628-1-300x300.jpg\",\"contentUrl\":\"http:\/\/www.visionmadagascar.com\/wp-content\/uploads\/2020\/04\/DSC_6628-1-300x300.jpg\"},{\"@type\":\"WebPage\",\"@id\":\"https:\/\/www.visionmadagascar.com\/fr\/vima-et-medd\/#webpage\",\"url\":\"https:\/\/www.visionmadagascar.com\/fr\/vima-et-medd\/\",\"name\":\"ViMa et MEDD - Vision Madagascar\",\"isPartOf\":{\"@id\":\"https:\/\/www.visionmadagascar.com\/#website\"},\"primaryImageOfPage\":{\"@id\":\"https:\/\/www.visionmadagascar.com\/fr\/vima-et-medd\/#primaryimage\"},\"datePublished\":\"2020-04-22T05:32:28+00:00\",\"dateModified\":\"2023-11-20T18:51:36+00:00\",\"breadcrumb\":{\"@id\":\"https:\/\/www.visionmadagascar.com\/fr\/vima-et-medd\/#breadcrumb\"},\"inLanguage\":\"fr-FR\",\"potentialAction\":[{\"@type\":\"ReadAction\",\"target\":[\"https:\/\/www.visionmadagascar.com\/fr\/vima-et-medd\/\"]}]},{\"@type\":\"BreadcrumbList\",\"@id\":\"https:\/\/www.visionmadagascar.com\/fr\/vima-et-medd\/#breadcrumb\",\"itemListElement\":[{\"@type\":\"ListItem\",\"position\":1,\"name\":\"Home\",\"item\":\"https:\/\/www.visionmadagascar.com\/fr\/\"},{\"@type\":\"ListItem\",\"position\":2,\"name\":\"ViMa et MEDD\"}]}]}<\/script>\n<!-- \/ Yoast SEO plugin. -->","yoast_head_json":{"title":"ViMa et MEDD - Vision Madagascar","robots":{"index":"index","follow":"follow","max-snippet":"max-snippet:-1","max-image-preview":"max-image-preview:large","max-video-preview":"max-video-preview:-1"},"canonical":"https:\/\/www.visionmadagascar.com\/fr\/vima-et-medd\/","og_locale":"fr_FR","og_type":"article","og_title":"ViMa et MEDD - Vision Madagascar","og_description":"Antananarivo, le 10 Octobre 2019 Partenariat ViMa Woods et le Minist\u00e8re de l\u2019Environnement et du D\u00e9veloppement Durable : [&hellip;]","og_url":"https:\/\/www.visionmadagascar.com\/fr\/vima-et-medd\/","og_site_name":"Vision Madagascar","article_modified_time":"2023-11-20T18:51:36+00:00","og_image":[{"url":"http:\/\/www.visionmadagascar.com\/wp-content\/uploads\/2020\/04\/DSC_6628-1-300x300.jpg"}],"twitter_card":"summary_large_image","twitter_misc":{"Dur\u00e9e de lecture estim\u00e9e":"4 minutes"},"schema":{"@context":"https:\/\/schema.org","@graph":[{"@type":"WebSite","@id":"https:\/\/www.visionmadagascar.com\/#website","url":"https:\/\/www.visionmadagascar.com\/","name":"Vision Madagascar","description":"Vision Madagascar","potentialAction":[{"@type":"SearchAction","target":{"@type":"EntryPoint","urlTemplate":"https:\/\/www.visionmadagascar.com\/?s={search_term_string}"},"query-input":"required name=search_term_string"}],"inLanguage":"fr-FR"},{"@type":"ImageObject","@id":"https:\/\/www.visionmadagascar.com\/fr\/vima-et-medd\/#primaryimage","inLanguage":"fr-FR","url":"http:\/\/www.visionmadagascar.com\/wp-content\/uploads\/2020\/04\/DSC_6628-1-300x300.jpg","contentUrl":"http:\/\/www.visionmadagascar.com\/wp-content\/uploads\/2020\/04\/DSC_6628-1-300x300.jpg"},{"@type":"WebPage","@id":"https:\/\/www.visionmadagascar.com\/fr\/vima-et-medd\/#webpage","url":"https:\/\/www.visionmadagascar.com\/fr\/vima-et-medd\/","name":"ViMa et MEDD - Vision Madagascar","isPartOf":{"@id":"https:\/\/www.visionmadagascar.com\/#website"},"primaryImageOfPage":{"@id":"https:\/\/www.visionmadagascar.com\/fr\/vima-et-medd\/#primaryimage"},"datePublished":"2020-04-22T05:32:28+00:00","dateModified":"2023-11-20T18:51:36+00:00","breadcrumb":{"@id":"https:\/\/www.visionmadagascar.com\/fr\/vima-et-medd\/#breadcrumb"},"inLanguage":"fr-FR","potentialAction":[{"@type":"ReadAction","target":["https:\/\/www.visionmadagascar.com\/fr\/vima-et-medd\/"]}]},{"@type":"BreadcrumbList","@id":"https:\/\/www.visionmadagascar.com\/fr\/vima-et-medd\/#breadcrumb","itemListElement":[{"@type":"ListItem","position":1,"name":"Home","item":"https:\/\/www.visionmadagascar.com\/fr\/"},{"@type":"ListItem","position":2,"name":"ViMa et MEDD"}]}]}},"_links":{"self":[{"href":"https:\/\/www.visionmadagascar.com\/fr\/wp-json\/wp\/v2\/pages\/2041\/"}],"collection":[{"href":"https:\/\/www.visionmadagascar.com\/fr\/wp-json\/wp\/v2\/pages\/"}],"about":[{"href":"https:\/\/www.visionmadagascar.com\/fr\/wp-json\/wp\/v2\/types\/page\/"}],"author":[{"embeddable":true,"href":"https:\/\/www.visionmadagascar.com\/fr\/wp-json\/wp\/v2\/users\/1\/"}],"replies":[{"embeddable":true,"href":"https:\/\/www.visionmadagascar.com\/fr\/wp-json\/wp\/v2\/comments\/?post=2041"}],"version-history":[{"count":4,"href":"https:\/\/www.visionmadagascar.com\/fr\/wp-json\/wp\/v2\/pages\/2041\/revisions\/"}],"predecessor-version":[{"id":3609,"href":"https:\/\/www.visionmadagascar.com\/fr\/wp-json\/wp\/v2\/pages\/2041\/revisions\/3609\/"}],"wp:attachment":[{"href":"https:\/\/www.visionmadagascar.com\/fr\/wp-json\/wp\/v2\/media\/?parent=2041"}],"curies":[{"name":"wp","href":"https:\/\/api.w.org\/{rel}","templated":true}]}}