{"id":1988,"date":"2020-04-07T08:58:00","date_gmt":"2020-04-07T05:58:00","guid":{"rendered":"http:\/\/www.visionmadagascar.com\/?page_id=1988"},"modified":"2020-04-16T08:43:50","modified_gmt":"2020-04-16T05:43:50","slug":"passage-du-pape","status":"publish","type":"page","link":"https:\/\/www.visionmadagascar.com\/fr\/passage-du-pape\/","title":{"rendered":"Passage du Pape"},"content":{"rendered":"<p>Antananarivo, le 13 Septembre 2019<\/p>\n<p><img decoding=\"async\" loading=\"lazy\" class=\"alignnone size-medium wp-image-1958\" src=\"http:\/\/www.visionmadagascar.com\/wp-content\/uploads\/2020\/02\/Zouzar-BOUKA-avec-Le-Pape-Fran\u00e7ois-2-300x300.jpg\" alt=\"\" width=\"300\" height=\"300\" srcset=\"https:\/\/www.visionmadagascar.com\/wp-content\/uploads\/2020\/02\/Zouzar-BOUKA-avec-Le-Pape-Fran\u00e7ois-2-300x300.jpg 300w, https:\/\/www.visionmadagascar.com\/wp-content\/uploads\/2020\/02\/Zouzar-BOUKA-avec-Le-Pape-Fran\u00e7ois-2-150x150.jpg 150w, https:\/\/www.visionmadagascar.com\/wp-content\/uploads\/2020\/02\/Zouzar-BOUKA-avec-Le-Pape-Fran\u00e7ois-2-1024x1024.jpg 1024w\" sizes=\"(max-width: 300px) 100vw, 300px\" \/><\/p>\n<p><b>Zouzar BOUKA, <\/b><b><i>Chairman <\/i><\/b><b>de Vision Madagascar r\u00e9pond pr\u00e9sent pendant<\/b><br \/>\n<b>la visite papale.<\/b> Constituant le plus grand \u00e9v\u00e9nement historique de l\u2019ann\u00e9e 2019 \u00e0 Madagascar avec la r\u00e9ussite des \u00e9lections pr\u00e9sidentielles d\u00e9mocratiques, la visite du Saint-P\u00e8re Fran\u00e7ois s\u2019est d\u00e9roul\u00e9e entre le 06 et le 10 Septembre 2019. Zouzar BOUKA, <i>Chairman <\/i>de Vision Madagascar (ViMa) a eu la chance d\u2019y assister. \u00ab Je me rappelle toujours de la visite il y a 30 ans du Pape Jean-Paul II et les paroles qu\u2019il avait prononc\u00e9es \u00e0 l\u2019\u00e9poque et qui sont rest\u00e9es grav\u00e9es dans mon c\u0153ur: \u00ab N\u2019ayez pas peur \u00bb J\u2019esp\u00e8re que la jeunesse de notre \u00e9poque aura aussi trouv\u00e9 son message d\u2019espoir lors de la visite de ce Pape qui place l\u2019Amour au dessus de tout.<br \/>\n<b>A propos de Vision Madagascar<\/b><br \/>\nVISION MADAGASCAR (ViMa) a \u00e9t\u00e9 fond\u00e9 en 2000 par Zouzar BOUKA. Des structures<br \/>\nembl\u00e9matiques de Madagascar tels que l\u2019Ambassade d\u2019Afrique du Sud r\u00e9alis\u00e9e en 2007 et l\u2019H\u00f4tel de<br \/>\nVille d\u2019Antananarivo en 2010 sont \u00e0 son actif.<br \/>\nLe P\u00f4le immobilier joue toujours le r\u00f4le le plus important avec ViMa Real Estate, ViMa Business<br \/>\nCenters et ViMa Majunga Hub. A travers ces filiales, ViMa est pionnier du business park \u00e0 Madagascar<br \/>\navec un parc locatif des meilleurs qui soit : Ambassades, Institutions internationales, banques,<br \/>\nentreprises de \u00ab Fortune 500 \u00bb\u2026<br \/>\nViMa Majunga Hub poss\u00e8de le premier parc industriel de la C\u00f4te Ouest avec 32 hectares de foncier<br \/>\nurbain et 60 000 m\u00b2 de surfaces locatives.<br \/>\nUne filiale comme ViMa Woods \u2013 exploitant forestier et industriel du bois aux normes FSC&#x2122;\u2013 fait de<br \/>\nViMa un acteur important du d\u00e9veloppement du pays dans lequel les entreprises priv\u00e9es contribuent<br \/>\npleinement \u00e0 l\u2019am\u00e9lioration de la qualit\u00e9 de vie des Malgaches.<br \/>\nSes partenariats avec des enseignes tels que ASO \u2013 Amaury Sport Organisation (promoteur sportif),<br \/>\nRegus (centre d\u2019affaires), Symbion Power, Teleperformance (leader mondial de la relation client \u00e0<br \/>\ndistance), World Trade Center, Eiffage et Trafigura apportent \u00e0 ViMa une dimension r\u00e9ellement<br \/>\ninternationale.<\/p>\n","protected":false},"excerpt":{"rendered":"<p>Antananarivo, le 13 Septembre 2019 Zouzar BOUKA, Chairman de Vision Madagascar r\u00e9pond pr\u00e9sent pendant la visite papale. Constituant [&hellip;]<\/p>\n","protected":false},"author":1,"featured_media":0,"parent":0,"menu_order":0,"comment_status":"closed","ping_status":"closed","template":"","meta":[],"yoast_head":"<!-- This site is optimized with the Yoast SEO plugin v17.3 - https:\/\/yoast.com\/wordpress\/plugins\/seo\/ -->\n<title>Passage du Pape - Vision Madagascar<\/title>\n<meta name=\"robots\" content=\"index, follow, max-snippet:-1, max-image-preview:large, max-video-preview:-1\" \/>\n<link rel=\"canonical\" href=\"https:\/\/www.visionmadagascar.com\/fr\/passage-du-pape\/\" \/>\n<meta property=\"og:locale\" content=\"fr_FR\" \/>\n<meta property=\"og:type\" content=\"article\" \/>\n<meta property=\"og:title\" content=\"Passage du Pape - Vision Madagascar\" \/>\n<meta property=\"og:description\" content=\"Antananarivo, le 13 Septembre 2019 Zouzar BOUKA, Chairman de Vision Madagascar r\u00e9pond pr\u00e9sent pendant la visite papale. Constituant [&hellip;]\" \/>\n<meta property=\"og:url\" content=\"https:\/\/www.visionmadagascar.com\/fr\/passage-du-pape\/\" \/>\n<meta property=\"og:site_name\" content=\"Vision Madagascar\" \/>\n<meta property=\"article:modified_time\" content=\"2020-04-16T05:43:50+00:00\" \/>\n<meta property=\"og:image\" content=\"http:\/\/www.visionmadagascar.com\/wp-content\/uploads\/2020\/02\/Zouzar-BOUKA-avec-Le-Pape-Fran\u00e7ois-2-300x300.jpg\" \/>\n<meta name=\"twitter:card\" content=\"summary_large_image\" \/>\n<meta name=\"twitter:label1\" content=\"Dur\u00e9e de lecture estim\u00e9e\" \/>\n\t<meta name=\"twitter:data1\" content=\"2 minutes\" \/>\n<script type=\"application\/ld+json\" class=\"yoast-schema-graph\">{\"@context\":\"https:\/\/schema.org\",\"@graph\":[{\"@type\":\"WebSite\",\"@id\":\"https:\/\/www.visionmadagascar.com\/#website\",\"url\":\"https:\/\/www.visionmadagascar.com\/\",\"name\":\"Vision Madagascar\",\"description\":\"Vision Madagascar\",\"potentialAction\":[{\"@type\":\"SearchAction\",\"target\":{\"@type\":\"EntryPoint\",\"urlTemplate\":\"https:\/\/www.visionmadagascar.com\/?s={search_term_string}\"},\"query-input\":\"required name=search_term_string\"}],\"inLanguage\":\"fr-FR\"},{\"@type\":\"ImageObject\",\"@id\":\"https:\/\/www.visionmadagascar.com\/fr\/passage-du-pape\/#primaryimage\",\"inLanguage\":\"fr-FR\",\"url\":\"http:\/\/www.visionmadagascar.com\/wp-content\/uploads\/2020\/02\/Zouzar-BOUKA-avec-Le-Pape-Fran\\u00e7ois-2-300x300.jpg\",\"contentUrl\":\"http:\/\/www.visionmadagascar.com\/wp-content\/uploads\/2020\/02\/Zouzar-BOUKA-avec-Le-Pape-Fran\\u00e7ois-2-300x300.jpg\"},{\"@type\":\"WebPage\",\"@id\":\"https:\/\/www.visionmadagascar.com\/fr\/passage-du-pape\/#webpage\",\"url\":\"https:\/\/www.visionmadagascar.com\/fr\/passage-du-pape\/\",\"name\":\"Passage du Pape - Vision Madagascar\",\"isPartOf\":{\"@id\":\"https:\/\/www.visionmadagascar.com\/#website\"},\"primaryImageOfPage\":{\"@id\":\"https:\/\/www.visionmadagascar.com\/fr\/passage-du-pape\/#primaryimage\"},\"datePublished\":\"2020-04-07T05:58:00+00:00\",\"dateModified\":\"2020-04-16T05:43:50+00:00\",\"breadcrumb\":{\"@id\":\"https:\/\/www.visionmadagascar.com\/fr\/passage-du-pape\/#breadcrumb\"},\"inLanguage\":\"fr-FR\",\"potentialAction\":[{\"@type\":\"ReadAction\",\"target\":[\"https:\/\/www.visionmadagascar.com\/fr\/passage-du-pape\/\"]}]},{\"@type\":\"BreadcrumbList\",\"@id\":\"https:\/\/www.visionmadagascar.com\/fr\/passage-du-pape\/#breadcrumb\",\"itemListElement\":[{\"@type\":\"ListItem\",\"position\":1,\"name\":\"Home\",\"item\":\"https:\/\/www.visionmadagascar.com\/fr\/\"},{\"@type\":\"ListItem\",\"position\":2,\"name\":\"Passage du Pape\"}]}]}<\/script>\n<!-- \/ Yoast SEO plugin. -->","yoast_head_json":{"title":"Passage du Pape - Vision Madagascar","robots":{"index":"index","follow":"follow","max-snippet":"max-snippet:-1","max-image-preview":"max-image-preview:large","max-video-preview":"max-video-preview:-1"},"canonical":"https:\/\/www.visionmadagascar.com\/fr\/passage-du-pape\/","og_locale":"fr_FR","og_type":"article","og_title":"Passage du Pape - Vision Madagascar","og_description":"Antananarivo, le 13 Septembre 2019 Zouzar BOUKA, Chairman de Vision Madagascar r\u00e9pond pr\u00e9sent pendant la visite papale. Constituant [&hellip;]","og_url":"https:\/\/www.visionmadagascar.com\/fr\/passage-du-pape\/","og_site_name":"Vision Madagascar","article_modified_time":"2020-04-16T05:43:50+00:00","og_image":[{"url":"http:\/\/www.visionmadagascar.com\/wp-content\/uploads\/2020\/02\/Zouzar-BOUKA-avec-Le-Pape-Fran\u00e7ois-2-300x300.jpg"}],"twitter_card":"summary_large_image","twitter_misc":{"Dur\u00e9e de lecture estim\u00e9e":"2 minutes"},"schema":{"@context":"https:\/\/schema.org","@graph":[{"@type":"WebSite","@id":"https:\/\/www.visionmadagascar.com\/#website","url":"https:\/\/www.visionmadagascar.com\/","name":"Vision Madagascar","description":"Vision Madagascar","potentialAction":[{"@type":"SearchAction","target":{"@type":"EntryPoint","urlTemplate":"https:\/\/www.visionmadagascar.com\/?s={search_term_string}"},"query-input":"required name=search_term_string"}],"inLanguage":"fr-FR"},{"@type":"ImageObject","@id":"https:\/\/www.visionmadagascar.com\/fr\/passage-du-pape\/#primaryimage","inLanguage":"fr-FR","url":"http:\/\/www.visionmadagascar.com\/wp-content\/uploads\/2020\/02\/Zouzar-BOUKA-avec-Le-Pape-Fran\u00e7ois-2-300x300.jpg","contentUrl":"http:\/\/www.visionmadagascar.com\/wp-content\/uploads\/2020\/02\/Zouzar-BOUKA-avec-Le-Pape-Fran\u00e7ois-2-300x300.jpg"},{"@type":"WebPage","@id":"https:\/\/www.visionmadagascar.com\/fr\/passage-du-pape\/#webpage","url":"https:\/\/www.visionmadagascar.com\/fr\/passage-du-pape\/","name":"Passage du Pape - Vision Madagascar","isPartOf":{"@id":"https:\/\/www.visionmadagascar.com\/#website"},"primaryImageOfPage":{"@id":"https:\/\/www.visionmadagascar.com\/fr\/passage-du-pape\/#primaryimage"},"datePublished":"2020-04-07T05:58:00+00:00","dateModified":"2020-04-16T05:43:50+00:00","breadcrumb":{"@id":"https:\/\/www.visionmadagascar.com\/fr\/passage-du-pape\/#breadcrumb"},"inLanguage":"fr-FR","potentialAction":[{"@type":"ReadAction","target":["https:\/\/www.visionmadagascar.com\/fr\/passage-du-pape\/"]}]},{"@type":"BreadcrumbList","@id":"https:\/\/www.visionmadagascar.com\/fr\/passage-du-pape\/#breadcrumb","itemListElement":[{"@type":"ListItem","position":1,"name":"Home","item":"https:\/\/www.visionmadagascar.com\/fr\/"},{"@type":"ListItem","position":2,"name":"Passage du Pape"}]}]}},"_links":{"self":[{"href":"https:\/\/www.visionmadagascar.com\/fr\/wp-json\/wp\/v2\/pages\/1988\/"}],"collection":[{"href":"https:\/\/www.visionmadagascar.com\/fr\/wp-json\/wp\/v2\/pages\/"}],"about":[{"href":"https:\/\/www.visionmadagascar.com\/fr\/wp-json\/wp\/v2\/types\/page\/"}],"author":[{"embeddable":true,"href":"https:\/\/www.visionmadagascar.com\/fr\/wp-json\/wp\/v2\/users\/1\/"}],"replies":[{"embeddable":true,"href":"https:\/\/www.visionmadagascar.com\/fr\/wp-json\/wp\/v2\/comments\/?post=1988"}],"version-history":[{"count":5,"href":"https:\/\/www.visionmadagascar.com\/fr\/wp-json\/wp\/v2\/pages\/1988\/revisions\/"}],"predecessor-version":[{"id":2005,"href":"https:\/\/www.visionmadagascar.com\/fr\/wp-json\/wp\/v2\/pages\/1988\/revisions\/2005\/"}],"wp:attachment":[{"href":"https:\/\/www.visionmadagascar.com\/fr\/wp-json\/wp\/v2\/media\/?parent=1988"}],"curies":[{"name":"wp","href":"https:\/\/api.w.org\/{rel}","templated":true}]}}